{"id":19,"date":"2025-05-05T11:58:35","date_gmt":"2025-05-05T11:58:35","guid":{"rendered":"https:\/\/memostasis.parisnanterre.fr\/?page_id=19"},"modified":"2026-01-21T13:22:58","modified_gmt":"2026-01-21T13:22:58","slug":"accueil","status":"publish","type":"page","link":"https:\/\/memostasis.parisnanterre.fr\/","title":{"rendered":"MEMOSTASIS"},"content":{"rendered":"\n<p class=\"has-text-align-right has-small-font-size\"><em>cr\u00e9dits photo<\/em><\/p>\n\n\n<style>.wp-block-kadence-column.kb-section-dir-horizontal > .kt-inside-inner-col > .kt-info-box19_c2cac4-ad .kt-blocks-info-box-link-wrap{max-width:unset;}.kt-info-box19_c2cac4-ad .kt-blocks-info-box-link-wrap{border-top:3px solid #ff0000;border-right:3px solid #ff0000;border-bottom:3px solid #ff0000;border-left:3px solid #ff0000;border-top-left-radius:30px;border-top-right-radius:30px;border-bottom-right-radius:30px;border-bottom-left-radius:30px;background:#f8eded;padding-top:var(--global-kb-spacing-xs, 1rem);padding-right:var(--global-kb-spacing-xs, 1rem);padding-bottom:var(--global-kb-spacing-xs, 1rem);padding-left:var(--global-kb-spacing-xs, 1rem);margin-right:var(--global-kb-spacing-xl, 4rem);margin-left:var(--global-kb-spacing-xl, 4rem);}.kt-info-box19_c2cac4-ad .kadence-info-box-icon-container .kt-info-svg-icon, .kt-info-box19_c2cac4-ad .kt-info-svg-icon-flip, .kt-info-box19_c2cac4-ad .kt-blocks-info-box-number{font-size:40px;}.kt-info-box19_c2cac4-ad .kt-blocks-info-box-media{border-radius:200px;overflow:hidden;border-top-width:0px;border-right-width:0px;border-bottom-width:0px;border-left-width:0px;padding-top:20px;padding-right:20px;padding-bottom:20px;padding-left:20px;margin-top:0px;margin-right:20px;margin-bottom:0px;margin-left:0px;}.kt-info-box19_c2cac4-ad .kt-blocks-info-box-media .kadence-info-box-image-intrisic img{border-radius:200px;}.kt-info-box19_c2cac4-ad .kt-infobox-textcontent h2.kt-blocks-info-box-title{padding-top:0px;padding-right:0px;padding-bottom:0px;padding-left:0px;margin-top:5px;margin-right:0px;margin-bottom:10px;margin-left:0px;}.wp-block-kadence-infobox.kt-info-box19_c2cac4-ad .kt-blocks-info-box-text{font-size:var(--global-kb-font-size-md, 1.25rem);}.kt-info-box19_c2cac4-ad .kt-blocks-info-box-learnmore{background:transparent;border-width:0px 0px 0px 0px;padding-top:4px;padding-right:8px;padding-bottom:4px;padding-left:8px;margin-top:10px;margin-right:0px;margin-bottom:10px;margin-left:0px;}@media all and (max-width: 1024px){.kt-info-box19_c2cac4-ad .kt-blocks-info-box-link-wrap{border-top:3px solid #ff0000;border-right:3px solid #ff0000;border-bottom:3px solid #ff0000;border-left:3px solid #ff0000;}}@media all and (max-width: 767px){.kt-info-box19_c2cac4-ad .kt-blocks-info-box-link-wrap{border-top:3px solid #ff0000;border-right:3px solid #ff0000;border-bottom:3px solid #ff0000;border-left:3px solid #ff0000;}}<\/style>\n<div class=\"wp-block-kadence-infobox kt-info-box19_c2cac4-ad\"><span class=\"kt-blocks-info-box-link-wrap info-box-link kt-blocks-info-box-media-align-left kt-info-halign-right\"><div class=\"kt-blocks-info-box-media-container\"><div class=\"kt-blocks-info-box-media kt-info-media-animate-none\"><div class=\"kadence-info-box-icon-container kt-info-icon-animate-none\"><div class=\"kadence-info-box-icon-inner-container\"><span class=\"kb-svg-icon-wrap kb-svg-icon-fas_bullhorn kt-info-svg-icon\"><svg viewBox=\"0 0 576 512\"  fill=\"currentColor\" xmlns=\"http:\/\/www.w3.org\/2000\/svg\"  aria-hidden=\"true\"><path d=\"M576 224c0-20.896-13.36-38.666-32-45.258V64c0-35.346-28.654-64-64-64-64.985 56-142.031 128-272 128H48c-26.51 0-48 21.49-48 48v96c0 26.51 21.49 48 48 48h43.263c-18.742 64.65 2.479 116.379 18.814 167.44 1.702 5.32 5.203 9.893 9.922 12.88 20.78 13.155 68.355 15.657 93.773 5.151 16.046-6.633 19.96-27.423 7.522-39.537-18.508-18.026-30.136-36.91-19.795-60.858a12.278 12.278 0 0 0-1.045-11.673c-16.309-24.679-3.581-62.107 28.517-72.752C346.403 327.887 418.591 395.081 480 448c35.346 0 64-28.654 64-64V269.258c18.64-6.592 32-24.362 32-45.258zm-96 139.855c-54.609-44.979-125.033-92.94-224-104.982v-69.747c98.967-12.042 169.391-60.002 224-104.982v279.711z\"\/><\/svg><\/span><\/div><\/div><\/div><\/div><div class=\"kt-infobox-textcontent\"><p class=\"kt-blocks-info-box-text\">Notre site est en cours de construction ; tous les contenus ne sont pas encore en ligne ; merci de votre patience.<\/p><\/div><\/span><\/div>\n\n\n<style>.wp-block-kadence-spacer.kt-block-spacer-19_a79135-1d .kt-block-spacer{height:30px;}.wp-block-kadence-spacer.kt-block-spacer-19_a79135-1d .kt-divider{border-top-width:1px;height:1px;border-top-color:#eee;width:80%;border-top-style:solid;}<\/style>\n<div class=\"wp-block-kadence-spacer aligncenter kt-block-spacer-19_a79135-1d\"><div class=\"kt-block-spacer kt-block-spacer-halign-center\"><\/div><\/div>\n\n\n\n<p class=\"has-text-align-center has-theme-palette-1-color has-text-color has-link-color has-large-font-size wp-elements-f93babacfa443c9e0a56f9a16730cb4b\" style=\"line-height:1\">NOMMER, PENSER, RECONNA\u00ceTRE LES GUERRES CIVILES<\/p>\n\n\n\n<p class=\"has-text-align-center has-theme-palette-5-color has-text-color has-link-color has-large-font-size wp-elements-75fba5c2d7477155f0326b8d7496db81\" style=\"line-height:1\">Litt\u00e9rature, Philosophie, Histoire\u2028<\/p>\n\n\n\n<p class=\"has-text-align-center has-theme-palette-5-color has-text-color has-link-color has-medium-font-size wp-elements-639fea4601810c134092c928831e54e8\" style=\"line-height:1\">Projet de recherches transdisciplinaire trans-s\u00e9culaire<\/p>\n\n\n\n<p><\/p>\n\n\n\n<p class=\"has-text-align-center has-text-color has-link-color wp-elements-aa85a05f2be392bd32ee3b26555af411\" style=\"color:#b02a2a\">Un projet PARIS LUMI\u00c8RES ALLIANCE<\/p>\n\n\n<div class=\"wp-block-image\">\n<figure class=\"aligncenter size-large\"><img loading=\"lazy\" decoding=\"async\" width=\"1024\" height=\"92\" src=\"https:\/\/memostasis.parisnanterre.fr\/wp-content\/uploads\/2025\/09\/Logos-1024x92.png\" alt=\"\" class=\"wp-image-111\" srcset=\"https:\/\/memostasis.parisnanterre.fr\/wp-content\/uploads\/2025\/09\/Logos-1024x92.png 1024w, https:\/\/memostasis.parisnanterre.fr\/wp-content\/uploads\/2025\/09\/Logos-300x27.png 300w, https:\/\/memostasis.parisnanterre.fr\/wp-content\/uploads\/2025\/09\/Logos-768x69.png 768w, https:\/\/memostasis.parisnanterre.fr\/wp-content\/uploads\/2025\/09\/Logos-1536x138.png 1536w, https:\/\/memostasis.parisnanterre.fr\/wp-content\/uploads\/2025\/09\/Logos.png 2026w\" sizes=\"auto, (max-width: 1024px) 100vw, 1024px\" \/><\/figure>\n<\/div>\n\n\n<p class=\"has-text-align-center has-theme-palette-6-background-color has-text-color has-background has-link-color has-large-font-size wp-elements-7d1b4b8aa9c034fe1693ab2294362ede\" style=\"color:#b02a2a\"><strong>Pr\u00e9sentation<\/strong> <strong>du programme<\/strong><\/p>\n\n\n\n<p class=\"has-text-align-center has-theme-palette-7-background-color has-text-color has-background has-link-color has-medium-font-size wp-elements-a93eb9b1deebf3d8747479fe2415dbe2\" style=\"color:#b02a2a\"><strong>Objectifs<\/strong><\/p>\n\n\n\n<ul class=\"wp-block-list\">\n<li>R\u00e9fl\u00e9chir aux maux et \u00e0 la m\u00e9moire des guerres civiles \u00e0 travers leur mise en mots.<\/li>\n\n\n\n<li>Contribuer \u00e0 r\u00e9duire l\u2019atomisation des <em>war studies <\/em>en France en cr\u00e9ant un r\u00e9seau et une continuit\u00e9 intellectuels.&nbsp;<\/li>\n<\/ul>\n\n\n\n<p class=\"has-text-align-center has-theme-palette-1-color has-theme-palette-7-background-color has-text-color has-background has-link-color has-medium-font-size wp-elements-5c1eb5879a56fb1d2d638ce12730bd96\"><strong>Le langage, source et ressource interpr\u00e9tative<\/strong><\/p>\n\n\n\n<ul class=\"wp-block-list\">\n<li>La guerre est un acte discursif : non seulement le langage intervient dans l\u2019action martiale (arme, outil de propagande etc.), mais il structure aussi les situations de guerre \u2013 tout comme ces situations structurent le langage.&nbsp;<\/li>\n\n\n\n<li>Comment fonctionnent ces m\u00e9canismes en cas de guerre civile ?<\/li>\n<\/ul>\n\n\n\n<p class=\"has-medium-font-size\" style=\"line-height:1.5\"><em>Si MEMOSTASIS construit son corpus de base en langue fran\u00e7aise, il est ouvert aux autres langues et \u00e0 l\u2019interculturalit\u00e9.<\/em><\/p>\n\n\n\n<p class=\"has-text-align-center has-theme-palette-1-color has-theme-palette-7-background-color has-text-color has-background has-link-color has-medium-font-size wp-elements-4421c02aca36f456548da0114f16f6be\"><strong>Une approche transverse<\/strong><\/p>\n\n\n\n<ul class=\"wp-block-list\">\n<li>MEMOSTASIS r\u00e9fl\u00e9chit en premier lieu, mais non excusivement, aux \u00e9critures litt\u00e9raire, philosophique et historienne.&nbsp;<\/li>\n\n\n\n<li>Par son son ambition interdisciplinaire et son ouverture chronologique trans-s\u00e9culaire, MEMOSTASIS analyse les rapports \u00e9troits entre l\u2019\u00e9v\u00e9nement, la langue et le concept pour saisir les processus par lesquels les acteurs sociaux (individuels et collectifs) peuvent se reconna\u00eetre comme \u00e9tant ou ayant \u00e9t\u00e9 en guerre civile, et devenir auteurs concernant une guerre civile dont ils ont fait ou non l\u2019exp\u00e9rience.&nbsp;&nbsp;<\/li>\n<\/ul>\n\n\n\n<p class=\"has-text-align-center has-theme-palette-1-color has-theme-palette-7-background-color has-text-color has-background has-link-color wp-elements-95e5548e0e337c4b052f4c5b41b65595\"><strong>Faire monde commun<\/strong><\/p>\n\n\n\n<ul class=\"wp-block-list\">\n<li>R\u00e9fl\u00e9chir aux maux de la guerre civile \u00e0 travers leur mise en mots, c\u2019est se donner des outils pour penser ce type de conflit.<\/li>\n\n\n\n<li>L\u2019actualit\u00e9 mondiale donne au probl\u00e8me de la guerre civile toute son acuit\u00e9. Un objet de recherche comme celui des guerres civiles exc\u00e8de largement le champ clos des \u00e9tudes acad\u00e9miques. Il concerne la vie dans la cit\u00e9 \u00e0 plus d\u2019un titre.<\/li>\n<\/ul>\n\n\n\n<p class=\"has-text-align-center has-theme-palette-6-background-color has-text-color has-background has-link-color has-large-font-size wp-elements-fa92f30fca9459b24cb59490a78afde6\" style=\"color:#b02f2a\"><strong>Actualit\u00e9s<\/strong><\/p>\n\n\n\n<div class=\"wp-block-columns is-layout-flex wp-container-core-columns-is-layout-9d6595d7 wp-block-columns-is-layout-flex\">\n<div class=\"wp-block-column is-layout-flow wp-block-column-is-layout-flow\" style=\"flex-basis:100%\"><\/div>\n<\/div>\n\n\n<style>.kb-row-layout-id19_2e0ca3-fd > .kt-row-column-wrap{align-content:start;}:where(.kb-row-layout-id19_2e0ca3-fd > .kt-row-column-wrap) > .wp-block-kadence-column{justify-content:start;}.kb-row-layout-id19_2e0ca3-fd > .kt-row-column-wrap{column-gap:var(--global-kb-gap-md, 2rem);row-gap:var(--global-kb-gap-md, 2rem);padding-top:var(--global-kb-spacing-sm, 1.5rem);padding-bottom:var(--global-kb-spacing-sm, 1.5rem);grid-template-columns:repeat(2, minmax(0, 1fr));}.kb-row-layout-id19_2e0ca3-fd > .kt-row-layout-overlay{opacity:0.30;}@media all and (max-width: 1024px){.kb-row-layout-id19_2e0ca3-fd > .kt-row-column-wrap{grid-template-columns:repeat(2, minmax(0, 1fr));}}@media all and (max-width: 767px){.kb-row-layout-id19_2e0ca3-fd > .kt-row-column-wrap{grid-template-columns:minmax(0, 1fr);}}<\/style><div class=\"kb-row-layout-wrap kb-row-layout-id19_2e0ca3-fd alignnone wp-block-kadence-rowlayout\"><div class=\"kt-row-column-wrap kt-has-2-columns kt-row-layout-equal kt-tab-layout-inherit kt-mobile-layout-row kt-row-valign-top\">\n<style>.kadence-column19_828e28-87 > .kt-inside-inner-col,.kadence-column19_828e28-87 > .kt-inside-inner-col:before{border-top-left-radius:0px;border-top-right-radius:0px;border-bottom-right-radius:0px;border-bottom-left-radius:0px;}.kadence-column19_828e28-87 > .kt-inside-inner-col{column-gap:var(--global-kb-gap-sm, 1rem);}.kadence-column19_828e28-87 > .kt-inside-inner-col{flex-direction:column;}.kadence-column19_828e28-87 > .kt-inside-inner-col > .aligncenter{width:100%;}.kadence-column19_828e28-87 > .kt-inside-inner-col:before{opacity:0.3;}.kadence-column19_828e28-87{position:relative;}@media all and (max-width: 1024px){.kadence-column19_828e28-87 > .kt-inside-inner-col{flex-direction:column;justify-content:center;}}@media all and (max-width: 767px){.kadence-column19_828e28-87 > .kt-inside-inner-col{flex-direction:column;justify-content:center;}}<\/style>\n<div class=\"wp-block-kadence-column kadence-column19_828e28-87\"><div class=\"kt-inside-inner-col\">\n<figure class=\"wp-block-image size-large\"><img loading=\"lazy\" decoding=\"async\" width=\"726\" height=\"1024\" src=\"https:\/\/memostasis.parisnanterre.fr\/wp-content\/uploads\/2025\/09\/Visuel-colloque-2025-726x1024.png\" alt=\"\" class=\"wp-image-117\" srcset=\"https:\/\/memostasis.parisnanterre.fr\/wp-content\/uploads\/2025\/09\/Visuel-colloque-2025-726x1024.png 726w, https:\/\/memostasis.parisnanterre.fr\/wp-content\/uploads\/2025\/09\/Visuel-colloque-2025-213x300.png 213w, https:\/\/memostasis.parisnanterre.fr\/wp-content\/uploads\/2025\/09\/Visuel-colloque-2025-768x1083.png 768w, https:\/\/memostasis.parisnanterre.fr\/wp-content\/uploads\/2025\/09\/Visuel-colloque-2025.png 902w\" sizes=\"auto, (max-width: 726px) 100vw, 726px\" \/><\/figure>\n<\/div><\/div>\n\n\n<style>.kadence-column19_d1679d-ab > .kt-inside-inner-col,.kadence-column19_d1679d-ab > .kt-inside-inner-col:before{border-top-left-radius:0px;border-top-right-radius:0px;border-bottom-right-radius:0px;border-bottom-left-radius:0px;}.kadence-column19_d1679d-ab > .kt-inside-inner-col{column-gap:var(--global-kb-gap-sm, 1rem);}.kadence-column19_d1679d-ab > .kt-inside-inner-col{flex-direction:column;}.kadence-column19_d1679d-ab > .kt-inside-inner-col > .aligncenter{width:100%;}.kadence-column19_d1679d-ab > .kt-inside-inner-col:before{opacity:0.3;}.kadence-column19_d1679d-ab{position:relative;}@media all and (max-width: 1024px){.kadence-column19_d1679d-ab > .kt-inside-inner-col{flex-direction:column;justify-content:center;}}@media all and (max-width: 767px){.kadence-column19_d1679d-ab > .kt-inside-inner-col{flex-direction:column;justify-content:center;}}<\/style>\n<div class=\"wp-block-kadence-column kadence-column19_d1679d-ab\"><div class=\"kt-inside-inner-col\"><style>.wp-block-kadence-spacer.kt-block-spacer-19_c3808c-f5 .kt-block-spacer{height:74px;}.wp-block-kadence-spacer.kt-block-spacer-19_c3808c-f5 .kt-divider{border-top-width:1px;height:1px;border-top-color:#eee;width:80%;border-top-style:solid;}<\/style>\n<div class=\"wp-block-kadence-spacer aligncenter kt-block-spacer-19_c3808c-f5\"><div class=\"kt-block-spacer kt-block-spacer-halign-center\"><\/div><\/div>\n\n\n\n<h2 class=\"wp-block-heading has-text-align-center\">T\u00e9l\u00e9chargez le programme du colloque <\/h2>\n\n\n\n<div class=\"wp-block-file aligncenter\"><a id=\"wp-block-file--media-2a64266d-6bb4-478a-bb8d-eec058862b76\" href=\"https:\/\/memostasis.parisnanterre.fr\/wp-content\/uploads\/2025\/09\/Les-Frontieres-de-la-guerre-civile-glissees.pdf\">Frontie\u0300res de la guerre civile<\/a><a href=\"https:\/\/memostasis.parisnanterre.fr\/wp-content\/uploads\/2025\/09\/Les-Frontieres-de-la-guerre-civile-glissees.pdf\" class=\"wp-block-file__button wp-element-button\" download aria-describedby=\"wp-block-file--media-2a64266d-6bb4-478a-bb8d-eec058862b76\">T\u00e9l\u00e9charger<\/a><\/div>\n<\/div><\/div>\n\n<\/div><\/div>","protected":false},"excerpt":{"rendered":"<p>cr\u00e9dits photo NOMMER, PENSER, RECONNA\u00ceTRE LES GUERRES CIVILES Litt\u00e9rature, Philosophie, Histoire\u2028 Projet de recherches transdisciplinaire trans-s\u00e9culaire Un projet PARIS LUMI\u00c8RES ALLIANCE Pr\u00e9sentation du programme Objectifs Le langage, source et ressource interpr\u00e9tative Si MEMOSTASIS construit son corpus de base en langue fran\u00e7aise, il est ouvert aux autres langues et \u00e0 l\u2019interculturalit\u00e9. Une approche transverse Faire monde&#8230;<\/p>\n","protected":false},"author":2,"featured_media":99,"parent":0,"menu_order":0,"comment_status":"closed","ping_status":"closed","template":"","meta":{"_kad_blocks_custom_css":"","_kad_blocks_head_custom_js":"","_kad_blocks_body_custom_js":"","_kad_blocks_footer_custom_js":"","_kad_post_transparent":"","_kad_post_title":"hide","_kad_post_layout":"fullwidth","_kad_post_sidebar_id":"","_kad_post_content_style":"","_kad_post_vertical_padding":"","_kad_post_feature":"show","_kad_post_feature_position":"","_kad_post_header":false,"_kad_post_footer":false,"footnotes":""},"class_list":["post-19","page","type-page","status-publish","has-post-thumbnail","hentry"],"taxonomy_info":[],"featured_image_src_large":["https:\/\/memostasis.parisnanterre.fr\/wp-content\/uploads\/2025\/09\/Machine-a-ecrire-1024x741.png",1024,741,true],"author_info":{"display_name":"webestre","author_link":"https:\/\/memostasis.parisnanterre.fr\/index.php\/author\/scarella\/"},"comment_info":0,"_links":{"self":[{"href":"https:\/\/memostasis.parisnanterre.fr\/index.php\/wp-json\/wp\/v2\/pages\/19","targetHints":{"allow":["GET"]}}],"collection":[{"href":"https:\/\/memostasis.parisnanterre.fr\/index.php\/wp-json\/wp\/v2\/pages"}],"about":[{"href":"https:\/\/memostasis.parisnanterre.fr\/index.php\/wp-json\/wp\/v2\/types\/page"}],"author":[{"embeddable":true,"href":"https:\/\/memostasis.parisnanterre.fr\/index.php\/wp-json\/wp\/v2\/users\/2"}],"replies":[{"embeddable":true,"href":"https:\/\/memostasis.parisnanterre.fr\/index.php\/wp-json\/wp\/v2\/comments?post=19"}],"version-history":[{"count":43,"href":"https:\/\/memostasis.parisnanterre.fr\/index.php\/wp-json\/wp\/v2\/pages\/19\/revisions"}],"predecessor-version":[{"id":279,"href":"https:\/\/memostasis.parisnanterre.fr\/index.php\/wp-json\/wp\/v2\/pages\/19\/revisions\/279"}],"wp:featuredmedia":[{"embeddable":true,"href":"https:\/\/memostasis.parisnanterre.fr\/index.php\/wp-json\/wp\/v2\/media\/99"}],"wp:attachment":[{"href":"https:\/\/memostasis.parisnanterre.fr\/index.php\/wp-json\/wp\/v2\/media?parent=19"}],"curies":[{"name":"wp","href":"https:\/\/api.w.org\/{rel}","templated":true}]}}