{"id":25,"date":"2025-05-05T12:18:27","date_gmt":"2025-05-05T12:18:27","guid":{"rendered":"https:\/\/memostasis.parisnanterre.fr\/?page_id=25"},"modified":"2025-09-26T13:29:27","modified_gmt":"2025-09-26T13:29:27","slug":"le-projet","status":"publish","type":"page","link":"https:\/\/memostasis.parisnanterre.fr\/index.php\/le-projet\/","title":{"rendered":"Projet"},"content":{"rendered":"\n<p class=\"has-theme-palette-1-color has-theme-palette-7-background-color has-text-color has-background has-link-color has-large-font-size wp-elements-3bb0c8c0a3f755590c6d3d6c648dac87\"><strong>Le langage, source et ressource interpr\u00e9tative<\/strong><\/p>\n\n\n\n<p>La guerre est un acte discursif : non seulement le langage intervient dans l\u2019action martiale (arme, outil de propagande etc.), mais il structure aussi les situations de guerre \u2013 tout comme ces situations structurent le langage.\u00a0<\/p>\n\n\n\n<p>Comment fonctionnent ces m\u00e9canismes en cas de guerre civile ?<\/p>\n\n\n\n<p><em>Pour le comprendre, MEMOSTASIS cherche \u00e0&nbsp;<\/em><\/p>\n\n\n\n<ul class=\"wp-block-list\">\n<li>Transformer le sujet, paradoxalement instable, de la guerre civile en objet d\u2019\u00e9tude \u00e0 partir de tous types de textes et de discours.<\/li>\n\n\n\n<li>Faire de cette \u00e9tude un moteur d&#8217;intelligibilit\u00e9 de la guerre civile gr\u00e2ce aux instruments propres aux \u00e9tudes textuelles et discursives.<\/li>\n\n\n\n<li>Penser en termes de litt\u00e9rarisation et d\u2019interactions textuelles.&nbsp;<\/li>\n<\/ul>\n\n\n\n<p class=\"has-medium-font-size\" style=\"line-height:1.5\"><em>Si MEMOSTASIS construit son corpus de base en langue fran\u00e7aise, il est ouvert aux autres langues et \u00e0 l\u2019interculturalit\u00e9.<\/em><\/p>\n\n\n\n<p class=\"has-theme-palette-1-color has-theme-palette-7-background-color has-text-color has-background has-link-color has-large-font-size wp-elements-9275e92a753662582374a22a17bf93d6\"><strong>Une approche transverse<\/strong><\/p>\n\n\n\n<p>Par son son ambition interdisciplinaire et son ouverture chronologique trans-s\u00e9culaire, MEMOSTASIS analyse les rapports \u00e9troits entre l\u2019\u00e9v\u00e9nement, la langue et le concept pour saisir les processus par lesquels les acteurs sociaux (individuels et collectifs) peuvent se reconna\u00eetre comme \u00e9tant ou ayant \u00e9t\u00e9 en guerre civile, et devenir auteurs concernant une guerre civile dont ils ont fait ou non l\u2019exp\u00e9rience.\u00a0<\/p>\n\n\n\n<p>MEMOSTASIS se souhaite aussi trans-disciplinaire. Au lieu d\u2019appliquer un regard intra ou interdisciplinaire sur des corpus g\u00e9n\u00e9riques pr\u00e9alablement identifi\u00e9s, MEMOSTASIS cherche \u00e0 penser des cat\u00e9gories transversales inh\u00e9rentes \u00e0 l\u2019objet lui-m\u00eame (violence, pouvoir, voisinage, filiation, transgression, adversit\u00e9, passion, eschatologie etc.). Il construit son objet et son corpus en m\u00eame temps qu\u2019une analyse r\u00e9flexive sur sa propre transdisciplinarit\u00e9.&nbsp;<\/p>\n\n\n\n<p class=\"has-theme-palette-1-color has-theme-palette-7-background-color has-text-color has-background has-link-color has-large-font-size wp-elements-d6732993a644766055575bb6e8740520\"><strong>Faire monde commun<\/strong><\/p>\n\n\n\n<p>R\u00e9fl\u00e9chir aux maux de la guerre civile \u00e0 travers leur mise en mots, c\u2019est se donner des outils pour penser ce type de conflit<\/p>\n\n\n\n<ul class=\"wp-block-list\">\n<li>Le red\u00e9finir en soi et en fonction de la notion de conflit inter\u00e9tatique<\/li>\n\n\n\n<li>Le situer par rapport \u00e0 ses fronti\u00e8res (r\u00e9volution, s\u00e9dition, \u00e9loignement\/proximit\u00e9)<\/li>\n\n\n\n<li>Interroger ses impens\u00e9s et ses motifs<\/li>\n\n\n\n<li>Se livrer \u00e0 une analyse critique des discours en r\u00e9\u00e9valuant la place de ces derniers au sein des causalit\u00e9s \u00e9conomiques, g\u00e9o-politiques et sociales qui tendent \u00e0 objectiver et m\u00e9caniser le conflit en sous-estimant ses dynamiques symboliques et m\u00e9taphoriques, voire ses soubassements philosophiques, culturels et anthropologiques.\u00a0<\/li>\n<\/ul>\n\n\n\n<p>L\u2019actualit\u00e9 mondiale donne au probl\u00e8me de la guerre civile toute son acuit\u00e9. Un objet de recherche comme celui des guerres civiles exc\u00e8de largement le champ clos des \u00e9tudes acad\u00e9miques. Il concerne la vie dans la cit\u00e9 \u00e0 plus d\u2019un titre.<\/p>\n\n\n\n<ul class=\"wp-block-list\">\n<li>Parce qu\u2019une r\u00e9flexion sur les guerres a d\u2019ind\u00e9niables implications sociales et politiques en termes de d\u00e9bat d\u00e9mocratique, d\u2019enjeux g\u00e9o-politiques, d\u2019interculturalit\u00e9.<\/li>\n\n\n\n<li>Parce que la litt\u00e9rature, la philosophie et l\u2019histoire produisent de la connaissance et de l\u2019intelligibilit\u00e9 dans d\u2019autres champs que le leur, notamment dans l\u2019espace social et politique : cette production doit \u00eatre encourag\u00e9e et soulign\u00e9e.<\/li>\n<\/ul>\n\n\n\n<p>&#8230;.<\/p>\n","protected":false},"excerpt":{"rendered":"<p>Le langage, source et ressource interpr\u00e9tative La guerre est un acte discursif : non seulement le langage intervient dans l\u2019action martiale (arme, outil de propagande etc.), mais il structure aussi les situations de guerre \u2013 tout comme ces situations structurent le langage.\u00a0 Comment fonctionnent ces m\u00e9canismes en cas de guerre civile ? Pour le comprendre,&#8230;<\/p>\n","protected":false},"author":2,"featured_media":155,"parent":0,"menu_order":0,"comment_status":"closed","ping_status":"closed","template":"","meta":{"_kad_blocks_custom_css":"","_kad_blocks_head_custom_js":"","_kad_blocks_body_custom_js":"","_kad_blocks_footer_custom_js":"","_kad_post_transparent":"","_kad_post_title":"","_kad_post_layout":"","_kad_post_sidebar_id":"","_kad_post_content_style":"","_kad_post_vertical_padding":"","_kad_post_feature":"","_kad_post_feature_position":"","_kad_post_header":false,"_kad_post_footer":false,"footnotes":""},"class_list":["post-25","page","type-page","status-publish","has-post-thumbnail","hentry"],"taxonomy_info":[],"featured_image_src_large":["https:\/\/memostasis.parisnanterre.fr\/wp-content\/uploads\/2025\/09\/Commune-1024x705.jpg",1024,705,true],"author_info":{"display_name":"webestre","author_link":"https:\/\/memostasis.parisnanterre.fr\/index.php\/author\/scarella\/"},"comment_info":0,"_links":{"self":[{"href":"https:\/\/memostasis.parisnanterre.fr\/index.php\/wp-json\/wp\/v2\/pages\/25","targetHints":{"allow":["GET"]}}],"collection":[{"href":"https:\/\/memostasis.parisnanterre.fr\/index.php\/wp-json\/wp\/v2\/pages"}],"about":[{"href":"https:\/\/memostasis.parisnanterre.fr\/index.php\/wp-json\/wp\/v2\/types\/page"}],"author":[{"embeddable":true,"href":"https:\/\/memostasis.parisnanterre.fr\/index.php\/wp-json\/wp\/v2\/users\/2"}],"replies":[{"embeddable":true,"href":"https:\/\/memostasis.parisnanterre.fr\/index.php\/wp-json\/wp\/v2\/comments?post=25"}],"version-history":[{"count":5,"href":"https:\/\/memostasis.parisnanterre.fr\/index.php\/wp-json\/wp\/v2\/pages\/25\/revisions"}],"predecessor-version":[{"id":158,"href":"https:\/\/memostasis.parisnanterre.fr\/index.php\/wp-json\/wp\/v2\/pages\/25\/revisions\/158"}],"wp:featuredmedia":[{"embeddable":true,"href":"https:\/\/memostasis.parisnanterre.fr\/index.php\/wp-json\/wp\/v2\/media\/155"}],"wp:attachment":[{"href":"https:\/\/memostasis.parisnanterre.fr\/index.php\/wp-json\/wp\/v2\/media?parent=25"}],"curies":[{"name":"wp","href":"https:\/\/api.w.org\/{rel}","templated":true}]}}